{"id":48,"date":"2018-11-29T14:04:37","date_gmt":"2018-11-29T14:04:37","guid":{"rendered":"http:\/\/signitforward.wpengine.com\/?page_id=48"},"modified":"2019-11-11T08:45:58","modified_gmt":"2019-11-11T08:45:58","slug":"start-page","status":"publish","type":"page","link":"https:\/\/signitforward.com\/de\/","title":{"rendered":"SignitForward"},"content":{"rendered":"<div class=\"wpb-content-wrapper\"><p>[vc_row row_height_percent=&#8221;0&#8243; override_padding=&#8221;yes&#8221; h_padding=&#8221;2&#8243; top_padding=&#8221;0&#8243; bottom_padding=&#8221;0&#8243; overlay_alpha=&#8221;50&#8243; gutter_size=&#8221;3&#8243; column_width_percent=&#8221;100&#8243; shift_y=&#8221;0&#8243; z_index=&#8221;0&#8243; css=&#8221;.vc_custom_1573461788868{padding-bottom: 18px !important;}&#8221;][vc_column column_width_percent=&#8221;100&#8243; align_horizontal=&#8221;align_center&#8221; overlay_alpha=&#8221;50&#8243; gutter_size=&#8221;3&#8243; medium_width=&#8221;0&#8243; mobile_width=&#8221;0&#8243; shift_x=&#8221;0&#8243; shift_y=&#8221;0&#8243; shift_y_down=&#8221;0&#8243; z_index=&#8221;0&#8243; width=&#8221;1\/1&#8243;][vc_custom_heading el_class=&#8221;beforeLogo&#8221;]Geb\u00e4rden zur Unterst\u00fctzung der fr\u00fchkindlichen Sprachentwicklung[\/vc_custom_heading][vc_single_image media=&#8221;622&#8243; media_width_percent=&#8221;100&#8243; el_class=&#8221;startLogo&#8221;][\/vc_column][\/vc_row][vc_row unlock_row_content=&#8221;yes&#8221; row_height_percent=&#8221;0&#8243; override_padding=&#8221;yes&#8221; h_padding=&#8221;0&#8243; top_padding=&#8221;0&#8243; bottom_padding=&#8221;0&#8243; overlay_alpha=&#8221;50&#8243; gutter_size=&#8221;3&#8243; column_width_percent=&#8221;100&#8243; shift_y=&#8221;0&#8243; z_index=&#8221;0&#8243;][vc_column width=&#8221;1\/1&#8243;][vc_gallery el_id=&#8221;gallery-903800&#8243; type=&#8221;carousel&#8221; random=&#8221;yes&#8221; medias=&#8221;459,462,465,468,471,474,477,483,486,489,492,495,498,482&#8243; carousel_lg=&#8221;6&#8243; carousel_md=&#8221;4&#8243; carousel_sm=&#8221;3&#8243; thumb_size=&#8221;four-three&#8221; gutter_size=&#8221;0&#8243; media_items=&#8221;&#8221; carousel_interval=&#8221;5000&#8243; carousel_navspeed=&#8221;400&#8243; carousel_loop=&#8221;yes&#8221; stage_padding=&#8221;0&#8243; single_overlay_opacity=&#8221;50&#8243; single_padding=&#8221;2&#8243;][\/vc_column][\/vc_row][vc_row row_height_percent=&#8221;0&#8243; back_color=&#8221;accent&#8221; overlay_alpha=&#8221;50&#8243; gutter_size=&#8221;3&#8243; column_width_percent=&#8221;100&#8243; shift_y=&#8221;0&#8243; z_index=&#8221;0&#8243;][vc_column width=&#8221;1\/1&#8243;][vc_column_text el_class=&#8221;introText&#8221;]Willkommen bei SignitForward.com. Eine Online Plattform f\u00fcr Alle, die mehr \u00fcber Geb\u00e4rden zur Unterst\u00fctzung der Kommunikation wissen m\u00f6chten. Wir hoffen, Ihnen hier \u00fcberzeugende Argumente geben zu k\u00f6nnen, warum es vorteilhaft ist, wenn Geb\u00e4rden \u2013 vor allem bei Kindern, die zus\u00e4tzliche Unterst\u00fctzung in ihrer Sprachentwicklung ben\u00f6tigen \u2013 zum Einsatz kommen.[\/vc_column_text][\/vc_column][\/vc_row][vc_row row_height_percent=&#8221;0&#8243; override_padding=&#8221;yes&#8221; h_padding=&#8221;2&#8243; top_padding=&#8221;2&#8243; bottom_padding=&#8221;3&#8243; overlay_alpha=&#8221;50&#8243; gutter_size=&#8221;0&#8243; column_width_percent=&#8221;100&#8243; shift_y=&#8221;0&#8243; z_index=&#8221;0&#8243;][vc_column column_width_percent=&#8221;100&#8243; position_horizontal=&#8221;left&#8221; override_padding=&#8221;yes&#8221; column_padding=&#8221;0&#8243; overlay_alpha=&#8221;50&#8243; gutter_size=&#8221;3&#8243; medium_width=&#8221;4&#8243; mobile_width=&#8221;0&#8243; shift_x=&#8221;0&#8243; shift_y=&#8221;0&#8243; shift_y_down=&#8221;0&#8243; z_index=&#8221;0&#8243; width=&#8221;1\/2&#8243; css=&#8221;.vc_custom_1549020500447{padding: 20px !important;}&#8221;][vc_single_image media=&#8221;431&#8243; media_width_percent=&#8221;100&#8243; media_link=&#8221;url:%2Ftill-dig%2F|||&#8221;][\/vc_column][vc_column column_width_percent=&#8221;100&#8243; position_horizontal=&#8221;left&#8221; override_padding=&#8221;yes&#8221; column_padding=&#8221;0&#8243; overlay_alpha=&#8221;50&#8243; gutter_size=&#8221;3&#8243; medium_width=&#8221;4&#8243; mobile_width=&#8221;0&#8243; shift_x=&#8221;0&#8243; shift_y=&#8221;0&#8243; shift_y_down=&#8221;0&#8243; z_index=&#8221;0&#8243; width=&#8221;1\/2&#8243; css=&#8221;.vc_custom_1548941645448{padding: 5px !important;}&#8221;][vc_column_text css=&#8221;.vc_custom_1550148083261{margin-top: -10px !important;}&#8221;]<\/p>\n<h2>Das Kleine Buch \u00fcber Geb\u00e4rden<\/h2>\n<p>Das \u201e Kleine Buch \u00fcber Geb\u00e4rden\u201c bietet denjenigen, die mehr \u00fcber die Benutzung von Geb\u00e4rden in der Kommunikation wissen wollen, einen guten \u00dcberblick \u00fcber das wie und das warum zu diesem Thema: GuK \u2013 Geb\u00e4rden unterst\u00fctzte Kommunikation.<br \/>\nDas Buch enth\u00e4lt Fakten zu Guk, Tipps, die Ihnen helfen mit dem Geb\u00e4rden umzugehen und Vorschl\u00e4ge, wie Sie ein Geb\u00e4rden-Umfeld schaffen k\u00f6nnen. Mit Geb\u00e4rden k\u00f6nnen Sie ihr Kind in der Sprachentwicklung unterst\u00fctzen, indem Sie sprechen und gleichzeitig geb\u00e4rden, geben Sie ihrem Kind die M\u00f6glichkeit kommunizieren zu k\u00f6nnen, auch wenn das gesprochene Wort noch nicht vorhanden wird.[\/vc_column_text][vc_button button_color=&#8221;color-162730&#8243; wide=&#8221;yes&#8221; border_width=&#8221;0&#8243; link=&#8221;url:%2Fde%2Fgebaerdenunterstuetze-kommunikation-was-ist-das%2F|||&#8221;]BUCH ONLINE LESEN[\/vc_button][\/vc_column][\/vc_row][vc_row row_height_percent=&#8221;0&#8243; override_padding=&#8221;yes&#8221; h_padding=&#8221;2&#8243; top_padding=&#8221;2&#8243; bottom_padding=&#8221;3&#8243; overlay_alpha=&#8221;50&#8243; gutter_size=&#8221;0&#8243; column_width_percent=&#8221;100&#8243; shift_y=&#8221;0&#8243; z_index=&#8221;0&#8243;][vc_column column_width_percent=&#8221;100&#8243; position_horizontal=&#8221;left&#8221; override_padding=&#8221;yes&#8221; column_padding=&#8221;0&#8243; overlay_alpha=&#8221;50&#8243; gutter_size=&#8221;3&#8243; medium_width=&#8221;4&#8243; mobile_width=&#8221;0&#8243; shift_x=&#8221;0&#8243; shift_y=&#8221;0&#8243; shift_y_down=&#8221;0&#8243; z_index=&#8221;0&#8243; width=&#8221;1\/2&#8243; css=&#8221;.vc_custom_1549020511301{padding: 20px !important;}&#8221;][vc_single_image media=&#8221;614&#8243; media_width_percent=&#8221;100&#8243; media_link=&#8221;url:https%3A%2F%2Fhattenonline.com%2Fde||target:%20_blank|&#8221;][\/vc_column][vc_column column_width_percent=&#8221;100&#8243; position_horizontal=&#8221;left&#8221; override_padding=&#8221;yes&#8221; column_padding=&#8221;0&#8243; overlay_alpha=&#8221;50&#8243; gutter_size=&#8221;3&#8243; medium_width=&#8221;4&#8243; mobile_width=&#8221;0&#8243; shift_x=&#8221;0&#8243; shift_y=&#8221;0&#8243; shift_y_down=&#8221;0&#8243; z_index=&#8221;0&#8243; width=&#8221;1\/2&#8243; css=&#8221;.vc_custom_1548941645448{padding: 5px !important;}&#8221;][vc_column_text]<\/p>\n<h2>Geb\u00e4rdenOnline<\/h2>\n<p>Geb\u00e4rden? Hier finden Sie alles, was Sie dazu brauchen. In unserem webbasierten Dienst haben wir \u00fcber 1000 Worte gesammelt \u2013 alle werden sowohl als Bild, als Geb\u00e4rdenillustration und als kurze Filmsequenz dargestellt, so da\u00df Sie auch zusammen mit ihren Kindern die Geb\u00e4rden mit Hilfe von Geb\u00e4rdenOnline erlernen k\u00f6nnen. Bl\u00e4ttern Sie durch die verschiedenen Kategorien oder suchen Sie direkt nach einem bestimmten Wort, zu dem Sie die Geb\u00e4rde erlernen wollen. Um den Dienst noch pers\u00f6nlicher zu gestalten, k\u00f6nnen Sie auch eigene Bilder und Worte hinzuf\u00fcgen. Und wenn Sie wollen, k\u00f6nnen Sie das Erlernte in einem kurzen Test nochmals abfragen.<\/p>\n<p>Testen Sie Geb\u00e4rdenOnline gratis oder schlie\u00dfen sie gleich ein Abonnement ab, um Zugang zum kompletten Angebot zu erhalten.[\/vc_column_text][vc_button button_color=&#8221;color-162730&#8243; wide=&#8221;yes&#8221; border_width=&#8221;0&#8243; link=&#8221;url:https%3A%2F%2Fhattenonline.com%2Fde%2Fstart||target:%20_blank|&#8221;]Zu Geb\u00e4rdenOnline[\/vc_button][\/vc_column][\/vc_row]<\/p>\n<\/div>","protected":false},"excerpt":{"rendered":"<p>[vc_row row_height_percent=&#8221;0&#8243; override_padding=&#8221;yes&#8221; h_padding=&#8221;2&#8243; top_padding=&#8221;0&#8243; bottom_padding=&#8221;0&#8243; overlay_alpha=&#8221;50&#8243; gutter_size=&#8221;3&#8243; column_width_percent=&#8221;100&#8243; shift_y=&#8221;0&#8243; z_index=&#8221;0&#8243; css=&#8221;.vc_custom_1573461788868{padding-bottom: 18px !important;}&#8221;][vc_column column_width_percent=&#8221;100&#8243; align_horizontal=&#8221;align_center&#8221; overlay_alpha=&#8221;50&#8243; gutter_size=&#8221;3&#8243; medium_width=&#8221;0&#8243; mobile_width=&#8221;0&#8243; [&hellip;]<\/p>\n","protected":false},"author":1,"featured_media":0,"parent":0,"menu_order":0,"comment_status":"closed","ping_status":"closed","template":"","meta":{"_exactmetrics_skip_tracking":false,"_exactmetrics_sitenote_active":false,"_exactmetrics_sitenote_note":"","_exactmetrics_sitenote_category":0,"footnotes":""},"class_list":["post-48","page","type-page","status-publish","hentry"],"_links":{"self":[{"href":"https:\/\/signitforward.com\/de\/wp-json\/wp\/v2\/pages\/48","targetHints":{"allow":["GET"]}}],"collection":[{"href":"https:\/\/signitforward.com\/de\/wp-json\/wp\/v2\/pages"}],"about":[{"href":"https:\/\/signitforward.com\/de\/wp-json\/wp\/v2\/types\/page"}],"author":[{"embeddable":true,"href":"https:\/\/signitforward.com\/de\/wp-json\/wp\/v2\/users\/1"}],"replies":[{"embeddable":true,"href":"https:\/\/signitforward.com\/de\/wp-json\/wp\/v2\/comments?post=48"}],"version-history":[{"count":0,"href":"https:\/\/signitforward.com\/de\/wp-json\/wp\/v2\/pages\/48\/revisions"}],"wp:attachment":[{"href":"https:\/\/signitforward.com\/de\/wp-json\/wp\/v2\/media?parent=48"}],"curies":[{"name":"wp","href":"https:\/\/api.w.org\/{rel}","templated":true}]}}